{"id":293,"date":"2013-07-05T19:01:10","date_gmt":"2013-07-05T18:01:10","guid":{"rendered":"http:\/\/www.labecassiere.ch\/?page_id=293"},"modified":"2013-09-16T20:18:27","modified_gmt":"2013-09-16T19:18:27","slug":"en-attente-bis","status":"publish","type":"page","link":"https:\/\/www.labecassiere.ch\/?page_id=293","title":{"rendered":"Journ\u00e9e des fleurs 24 ao\u00fbt  2012"},"content":{"rendered":"<p><strong>Journ\u00e9<\/strong><strong>e des fleurs ao\u00fbt 2012<\/strong><\/p>\n<p>[Not a valid template]<\/p>\n","protected":false},"excerpt":{"rendered":"<p>Journ\u00e9e des fleurs ao\u00fbt 2012 [Not a valid template]<\/p>\n","protected":false},"author":1,"featured_media":0,"parent":167,"menu_order":0,"comment_status":"open","ping_status":"open","template":"","meta":[],"_links":{"self":[{"href":"https:\/\/www.labecassiere.ch\/index.php?rest_route=\/wp\/v2\/pages\/293"}],"collection":[{"href":"https:\/\/www.labecassiere.ch\/index.php?rest_route=\/wp\/v2\/pages"}],"about":[{"href":"https:\/\/www.labecassiere.ch\/index.php?rest_route=\/wp\/v2\/types\/page"}],"author":[{"embeddable":true,"href":"https:\/\/www.labecassiere.ch\/index.php?rest_route=\/wp\/v2\/users\/1"}],"replies":[{"embeddable":true,"href":"https:\/\/www.labecassiere.ch\/index.php?rest_route=%2Fwp%2Fv2%2Fcomments&post=293"}],"version-history":[{"count":5,"href":"https:\/\/www.labecassiere.ch\/index.php?rest_route=\/wp\/v2\/pages\/293\/revisions"}],"predecessor-version":[{"id":368,"href":"https:\/\/www.labecassiere.ch\/index.php?rest_route=\/wp\/v2\/pages\/293\/revisions\/368"}],"up":[{"embeddable":true,"href":"https:\/\/www.labecassiere.ch\/index.php?rest_route=\/wp\/v2\/pages\/167"}],"wp:attachment":[{"href":"https:\/\/www.labecassiere.ch\/index.php?rest_route=%2Fwp%2Fv2%2Fmedia&parent=293"}],"curies":[{"name":"wp","href":"https:\/\/api.w.org\/{rel}","templated":true}]}}