{"id":2546,"date":"2017-04-03T19:36:11","date_gmt":"2017-04-03T18:36:11","guid":{"rendered":"http:\/\/www.labecassiere.ch\/?page_id=2546"},"modified":"2019-03-28T15:00:12","modified_gmt":"2019-03-28T14:00:12","slug":"a-donnerer-a-echanger","status":"publish","type":"page","link":"https:\/\/www.labecassiere.ch\/?page_id=2546","title":{"rendered":"A donner, A \u00e9changer !!!"},"content":{"rendered":"<p style=\"text-align: center;\"><span style=\"color: #0000ff;\"><strong>Cette page est r\u00e9serv\u00e9e aux objets \u00e0 \u00e9changer, donner concernant le jardinage!<\/strong><\/span><\/p>\n","protected":false},"excerpt":{"rendered":"<p>Cette page est r\u00e9serv\u00e9e aux objets \u00e0 \u00e9changer, donner concernant le jardinage!<\/p>\n","protected":false},"author":1,"featured_media":0,"parent":0,"menu_order":0,"comment_status":"closed","ping_status":"closed","template":"","meta":[],"_links":{"self":[{"href":"https:\/\/www.labecassiere.ch\/index.php?rest_route=\/wp\/v2\/pages\/2546"}],"collection":[{"href":"https:\/\/www.labecassiere.ch\/index.php?rest_route=\/wp\/v2\/pages"}],"about":[{"href":"https:\/\/www.labecassiere.ch\/index.php?rest_route=\/wp\/v2\/types\/page"}],"author":[{"embeddable":true,"href":"https:\/\/www.labecassiere.ch\/index.php?rest_route=\/wp\/v2\/users\/1"}],"replies":[{"embeddable":true,"href":"https:\/\/www.labecassiere.ch\/index.php?rest_route=%2Fwp%2Fv2%2Fcomments&post=2546"}],"version-history":[{"count":5,"href":"https:\/\/www.labecassiere.ch\/index.php?rest_route=\/wp\/v2\/pages\/2546\/revisions"}],"predecessor-version":[{"id":3698,"href":"https:\/\/www.labecassiere.ch\/index.php?rest_route=\/wp\/v2\/pages\/2546\/revisions\/3698"}],"wp:attachment":[{"href":"https:\/\/www.labecassiere.ch\/index.php?rest_route=%2Fwp%2Fv2%2Fmedia&parent=2546"}],"curies":[{"name":"wp","href":"https:\/\/api.w.org\/{rel}","templated":true}]}}