{"id":1930,"date":"2016-03-16T16:52:34","date_gmt":"2016-03-16T15:52:34","guid":{"rendered":"http:\/\/www.labecassiere.ch\/?page_id=1930"},"modified":"2019-03-28T09:52:38","modified_gmt":"2019-03-28T08:52:38","slug":"assemblee-generale-du-mardi-15-mars-2016","status":"publish","type":"page","link":"https:\/\/www.labecassiere.ch\/?page_id=1930","title":{"rendered":"Assembl\u00e9e g\u00e9n\u00e9rale du mardi 15 mars 2016"},"content":{"rendered":"<div\n\tclass=\"ngg-galleryoverview ngg-ajax-pagination-none\"\n\tid=\"ngg-gallery-d6782c2af2db19335ac3a090b1d5ecaf-1\">\n\n    \t<div class=\"slideshowlink\">\n        <a href='https:\/\/www.labecassiere.ch\/index.php\/nggallery\/slideshow?page_id=1930'>&#091; Diaporama&#093;<\/a>\n\t\t\n\t<\/div>\n\t\t\t<!-- Thumbnails -->\n\t\t\t\t<div id=\"ngg-image-0\" class=\"ngg-gallery-thumbnail-box\" >\n\t\t\t\t        <div class=\"ngg-gallery-thumbnail\">\n            <a href=\"https:\/\/www.labecassiere.ch\/wp-content\/gallery\/comite-15-mars-2019\/IMG-20190325-WA0001.jpg\"\n               title=\"\"\n               data-src=\"https:\/\/www.labecassiere.ch\/wp-content\/gallery\/comite-15-mars-2019\/IMG-20190325-WA0001.jpg\"\n               data-thumbnail=\"https:\/\/www.labecassiere.ch\/wp-content\/gallery\/comite-15-mars-2019\/thumbs\/thumbs_IMG-20190325-WA0001.jpg\"\n               data-image-id=\"1657\"\n               data-title=\"IMG-20190325-WA0001\"\n               data-description=\"\"\n               data-image-slug=\"img-20190325-wa0001-10\"\n               class='use_imagebrowser_effect' data-imagebrowser-url='https:\/\/www.labecassiere.ch\/index.php\/nggallery\/image\/%STUB%?page_id=1930'>\n                <img\n                    title=\"IMG-20190325-WA0001\"\n                    alt=\"IMG-20190325-WA0001\"\n                    src=\"https:\/\/www.labecassiere.ch\/wp-content\/gallery\/comite-15-mars-2019\/thumbs\/thumbs_IMG-20190325-WA0001.jpg\"\n                    width=\"100\"\n                    height=\"75\"\n                    style=\"max-width:100%;\"\n                \/>\n            <\/a>\n        <\/div>\n\t\t\t\t\t\t\t<\/div> \n\t\t\t\n        \n\t\t\t\t<div id=\"ngg-image-1\" class=\"ngg-gallery-thumbnail-box\" >\n\t\t\t\t        <div class=\"ngg-gallery-thumbnail\">\n            <a href=\"https:\/\/www.labecassiere.ch\/wp-content\/gallery\/comite-15-mars-2019\/IMG-20190325-WA0002.jpg\"\n               title=\"\"\n               data-src=\"https:\/\/www.labecassiere.ch\/wp-content\/gallery\/comite-15-mars-2019\/IMG-20190325-WA0002.jpg\"\n               data-thumbnail=\"https:\/\/www.labecassiere.ch\/wp-content\/gallery\/comite-15-mars-2019\/thumbs\/thumbs_IMG-20190325-WA0002.jpg\"\n               data-image-id=\"1658\"\n               data-title=\"IMG-20190325-WA0002\"\n               data-description=\"\"\n               data-image-slug=\"img-20190325-wa0002-10\"\n               class='use_imagebrowser_effect' data-imagebrowser-url='https:\/\/www.labecassiere.ch\/index.php\/nggallery\/image\/%STUB%?page_id=1930'>\n                <img\n                    title=\"IMG-20190325-WA0002\"\n                    alt=\"IMG-20190325-WA0002\"\n                    src=\"https:\/\/www.labecassiere.ch\/wp-content\/gallery\/comite-15-mars-2019\/thumbs\/thumbs_IMG-20190325-WA0002.jpg\"\n                    width=\"100\"\n                    height=\"75\"\n                    style=\"max-width:100%;\"\n                \/>\n            <\/a>\n        <\/div>\n\t\t\t\t\t\t\t<\/div> \n\t\t\t\n        \n\t\t\t\t<div id=\"ngg-image-2\" class=\"ngg-gallery-thumbnail-box\" >\n\t\t\t\t        <div class=\"ngg-gallery-thumbnail\">\n            <a href=\"https:\/\/www.labecassiere.ch\/wp-content\/gallery\/comite-15-mars-2019\/IMG-20190325-WA0004.jpg\"\n               title=\"\"\n               data-src=\"https:\/\/www.labecassiere.ch\/wp-content\/gallery\/comite-15-mars-2019\/IMG-20190325-WA0004.jpg\"\n               data-thumbnail=\"https:\/\/www.labecassiere.ch\/wp-content\/gallery\/comite-15-mars-2019\/thumbs\/thumbs_IMG-20190325-WA0004.jpg\"\n               data-image-id=\"1659\"\n               data-title=\"IMG-20190325-WA0004\"\n               data-description=\"\"\n               data-image-slug=\"img-20190325-wa0004-10\"\n               class='use_imagebrowser_effect' data-imagebrowser-url='https:\/\/www.labecassiere.ch\/index.php\/nggallery\/image\/%STUB%?page_id=1930'>\n                <img\n                    title=\"IMG-20190325-WA0004\"\n                    alt=\"IMG-20190325-WA0004\"\n                    src=\"https:\/\/www.labecassiere.ch\/wp-content\/gallery\/comite-15-mars-2019\/thumbs\/thumbs_IMG-20190325-WA0004.jpg\"\n                    width=\"100\"\n                    height=\"75\"\n                    style=\"max-width:100%;\"\n                \/>\n            <\/a>\n        <\/div>\n\t\t\t\t\t\t\t<\/div> \n\t\t\t\n        \n\t\t\t\t<div id=\"ngg-image-3\" class=\"ngg-gallery-thumbnail-box\" >\n\t\t\t\t        <div class=\"ngg-gallery-thumbnail\">\n            <a href=\"https:\/\/www.labecassiere.ch\/wp-content\/gallery\/comite-15-mars-2019\/IMG-20190325-WA0005.jpg\"\n               title=\"\"\n               data-src=\"https:\/\/www.labecassiere.ch\/wp-content\/gallery\/comite-15-mars-2019\/IMG-20190325-WA0005.jpg\"\n               data-thumbnail=\"https:\/\/www.labecassiere.ch\/wp-content\/gallery\/comite-15-mars-2019\/thumbs\/thumbs_IMG-20190325-WA0005.jpg\"\n               data-image-id=\"1660\"\n               data-title=\"IMG-20190325-WA0005\"\n               data-description=\"\"\n               data-image-slug=\"img-20190325-wa0005-10\"\n               class='use_imagebrowser_effect' data-imagebrowser-url='https:\/\/www.labecassiere.ch\/index.php\/nggallery\/image\/%STUB%?page_id=1930'>\n                <img\n                    title=\"IMG-20190325-WA0005\"\n                    alt=\"IMG-20190325-WA0005\"\n                    src=\"https:\/\/www.labecassiere.ch\/wp-content\/gallery\/comite-15-mars-2019\/thumbs\/thumbs_IMG-20190325-WA0005.jpg\"\n                    width=\"100\"\n                    height=\"75\"\n                    style=\"max-width:100%;\"\n                \/>\n            <\/a>\n        <\/div>\n\t\t\t\t\t\t\t<\/div> \n\t\t\t\n        \n\t\t\t\t<div id=\"ngg-image-4\" class=\"ngg-gallery-thumbnail-box\" >\n\t\t\t\t        <div class=\"ngg-gallery-thumbnail\">\n            <a href=\"https:\/\/www.labecassiere.ch\/wp-content\/gallery\/comite-15-mars-2019\/IMG-20190325-WA0007.jpg\"\n               title=\"\"\n               data-src=\"https:\/\/www.labecassiere.ch\/wp-content\/gallery\/comite-15-mars-2019\/IMG-20190325-WA0007.jpg\"\n               data-thumbnail=\"https:\/\/www.labecassiere.ch\/wp-content\/gallery\/comite-15-mars-2019\/thumbs\/thumbs_IMG-20190325-WA0007.jpg\"\n               data-image-id=\"1661\"\n               data-title=\"IMG-20190325-WA0007\"\n               data-description=\"\"\n               data-image-slug=\"img-20190325-wa0007-10\"\n               class='use_imagebrowser_effect' data-imagebrowser-url='https:\/\/www.labecassiere.ch\/index.php\/nggallery\/image\/%STUB%?page_id=1930'>\n                <img\n                    title=\"IMG-20190325-WA0007\"\n                    alt=\"IMG-20190325-WA0007\"\n                    src=\"https:\/\/www.labecassiere.ch\/wp-content\/gallery\/comite-15-mars-2019\/thumbs\/thumbs_IMG-20190325-WA0007.jpg\"\n                    width=\"100\"\n                    height=\"75\"\n                    style=\"max-width:100%;\"\n                \/>\n            <\/a>\n        <\/div>\n\t\t\t\t\t\t\t<\/div> \n\t\t\t\n        \n\t\t\t\t<div id=\"ngg-image-5\" class=\"ngg-gallery-thumbnail-box\" >\n\t\t\t\t        <div class=\"ngg-gallery-thumbnail\">\n            <a href=\"https:\/\/www.labecassiere.ch\/wp-content\/gallery\/comite-15-mars-2019\/IMG-20190325-WA0008.jpg\"\n               title=\"\"\n               data-src=\"https:\/\/www.labecassiere.ch\/wp-content\/gallery\/comite-15-mars-2019\/IMG-20190325-WA0008.jpg\"\n               data-thumbnail=\"https:\/\/www.labecassiere.ch\/wp-content\/gallery\/comite-15-mars-2019\/thumbs\/thumbs_IMG-20190325-WA0008.jpg\"\n               data-image-id=\"1662\"\n               data-title=\"IMG-20190325-WA0008\"\n               data-description=\"\"\n               data-image-slug=\"img-20190325-wa0008-10\"\n               class='use_imagebrowser_effect' data-imagebrowser-url='https:\/\/www.labecassiere.ch\/index.php\/nggallery\/image\/%STUB%?page_id=1930'>\n                <img\n                    title=\"IMG-20190325-WA0008\"\n                    alt=\"IMG-20190325-WA0008\"\n                    src=\"https:\/\/www.labecassiere.ch\/wp-content\/gallery\/comite-15-mars-2019\/thumbs\/thumbs_IMG-20190325-WA0008.jpg\"\n                    width=\"100\"\n                    height=\"75\"\n                    style=\"max-width:100%;\"\n                \/>\n            <\/a>\n        <\/div>\n\t\t\t\t\t\t\t<\/div> \n\t\t\t\n        \n\t\t\t\t<div id=\"ngg-image-6\" class=\"ngg-gallery-thumbnail-box\" >\n\t\t\t\t        <div class=\"ngg-gallery-thumbnail\">\n            <a href=\"https:\/\/www.labecassiere.ch\/wp-content\/gallery\/comite-15-mars-2019\/IMG-20190325-WA0009.jpg\"\n               title=\"\"\n               data-src=\"https:\/\/www.labecassiere.ch\/wp-content\/gallery\/comite-15-mars-2019\/IMG-20190325-WA0009.jpg\"\n               data-thumbnail=\"https:\/\/www.labecassiere.ch\/wp-content\/gallery\/comite-15-mars-2019\/thumbs\/thumbs_IMG-20190325-WA0009.jpg\"\n               data-image-id=\"1663\"\n               data-title=\"IMG-20190325-WA0009\"\n               data-description=\"\"\n               data-image-slug=\"img-20190325-wa0009-10\"\n               class='use_imagebrowser_effect' data-imagebrowser-url='https:\/\/www.labecassiere.ch\/index.php\/nggallery\/image\/%STUB%?page_id=1930'>\n                <img\n                    title=\"IMG-20190325-WA0009\"\n                    alt=\"IMG-20190325-WA0009\"\n                    src=\"https:\/\/www.labecassiere.ch\/wp-content\/gallery\/comite-15-mars-2019\/thumbs\/thumbs_IMG-20190325-WA0009.jpg\"\n                    width=\"100\"\n                    height=\"75\"\n                    style=\"max-width:100%;\"\n                \/>\n            <\/a>\n        <\/div>\n\t\t\t\t\t\t\t<\/div> \n\t\t\t\n        \n\t\t\t\t<div id=\"ngg-image-7\" class=\"ngg-gallery-thumbnail-box\" >\n\t\t\t\t        <div class=\"ngg-gallery-thumbnail\">\n            <a href=\"https:\/\/www.labecassiere.ch\/wp-content\/gallery\/comite-15-mars-2019\/UNADJUSTEDNONRAW_thumb_6d6d.jpeg\"\n               title=\"\"\n               data-src=\"https:\/\/www.labecassiere.ch\/wp-content\/gallery\/comite-15-mars-2019\/UNADJUSTEDNONRAW_thumb_6d6d.jpeg\"\n               data-thumbnail=\"https:\/\/www.labecassiere.ch\/wp-content\/gallery\/comite-15-mars-2019\/thumbs\/thumbs_UNADJUSTEDNONRAW_thumb_6d6d.jpeg\"\n               data-image-id=\"1664\"\n               data-title=\"UNADJUSTEDNONRAW_thumb_6d6d\"\n               data-description=\"\"\n               data-image-slug=\"unadjustednonraw_thumb_6d6d-10\"\n               class='use_imagebrowser_effect' data-imagebrowser-url='https:\/\/www.labecassiere.ch\/index.php\/nggallery\/image\/%STUB%?page_id=1930'>\n                <img\n                    title=\"UNADJUSTEDNONRAW_thumb_6d6d\"\n                    alt=\"UNADJUSTEDNONRAW_thumb_6d6d\"\n                    src=\"https:\/\/www.labecassiere.ch\/wp-content\/gallery\/comite-15-mars-2019\/thumbs\/thumbs_UNADJUSTEDNONRAW_thumb_6d6d.jpeg\"\n                    width=\"100\"\n                    height=\"75\"\n                    style=\"max-width:100%;\"\n                \/>\n            <\/a>\n        <\/div>\n\t\t\t\t\t\t\t<\/div> \n\t\t\t\n        \n\t\t\t\t<div id=\"ngg-image-8\" class=\"ngg-gallery-thumbnail-box\" >\n\t\t\t\t        <div class=\"ngg-gallery-thumbnail\">\n            <a href=\"https:\/\/www.labecassiere.ch\/wp-content\/gallery\/comite-15-mars-2019\/UNADJUSTEDNONRAW_thumb_6d6e.jpeg\"\n               title=\"\"\n               data-src=\"https:\/\/www.labecassiere.ch\/wp-content\/gallery\/comite-15-mars-2019\/UNADJUSTEDNONRAW_thumb_6d6e.jpeg\"\n               data-thumbnail=\"https:\/\/www.labecassiere.ch\/wp-content\/gallery\/comite-15-mars-2019\/thumbs\/thumbs_UNADJUSTEDNONRAW_thumb_6d6e.jpeg\"\n               data-image-id=\"1665\"\n               data-title=\"UNADJUSTEDNONRAW_thumb_6d6e\"\n               data-description=\"\"\n               data-image-slug=\"unadjustednonraw_thumb_6d6e-10\"\n               class='use_imagebrowser_effect' data-imagebrowser-url='https:\/\/www.labecassiere.ch\/index.php\/nggallery\/image\/%STUB%?page_id=1930'>\n                <img\n                    title=\"UNADJUSTEDNONRAW_thumb_6d6e\"\n                    alt=\"UNADJUSTEDNONRAW_thumb_6d6e\"\n                    src=\"https:\/\/www.labecassiere.ch\/wp-content\/gallery\/comite-15-mars-2019\/thumbs\/thumbs_UNADJUSTEDNONRAW_thumb_6d6e.jpeg\"\n                    width=\"100\"\n                    height=\"75\"\n                    style=\"max-width:100%;\"\n                \/>\n            <\/a>\n        <\/div>\n\t\t\t\t\t\t\t<\/div> \n\t\t\t\n        \n\t\t\t\t<div id=\"ngg-image-9\" class=\"ngg-gallery-thumbnail-box\" >\n\t\t\t\t        <div class=\"ngg-gallery-thumbnail\">\n            <a href=\"https:\/\/www.labecassiere.ch\/wp-content\/gallery\/comite-15-mars-2019\/UNADJUSTEDNONRAW_thumb_6d6f.jpeg\"\n               title=\"\"\n               data-src=\"https:\/\/www.labecassiere.ch\/wp-content\/gallery\/comite-15-mars-2019\/UNADJUSTEDNONRAW_thumb_6d6f.jpeg\"\n               data-thumbnail=\"https:\/\/www.labecassiere.ch\/wp-content\/gallery\/comite-15-mars-2019\/thumbs\/thumbs_UNADJUSTEDNONRAW_thumb_6d6f.jpeg\"\n               data-image-id=\"1666\"\n               data-title=\"UNADJUSTEDNONRAW_thumb_6d6f\"\n               data-description=\"\"\n               data-image-slug=\"unadjustednonraw_thumb_6d6f-10\"\n               class='use_imagebrowser_effect' data-imagebrowser-url='https:\/\/www.labecassiere.ch\/index.php\/nggallery\/image\/%STUB%?page_id=1930'>\n                <img\n                    title=\"UNADJUSTEDNONRAW_thumb_6d6f\"\n                    alt=\"UNADJUSTEDNONRAW_thumb_6d6f\"\n                    src=\"https:\/\/www.labecassiere.ch\/wp-content\/gallery\/comite-15-mars-2019\/thumbs\/thumbs_UNADJUSTEDNONRAW_thumb_6d6f.jpeg\"\n                    width=\"100\"\n                    height=\"75\"\n                    style=\"max-width:100%;\"\n                \/>\n            <\/a>\n        <\/div>\n\t\t\t\t\t\t\t<\/div> \n\t\t\t\n        \n\t\t\n\t\t<!-- Pagination -->\n\t<div class='ngg-clear'><\/div>\t<\/div>\n\n","protected":false},"excerpt":{"rendered":"<p>\u00a0\u00bb order_by=\u00a0\u00bbsortorder\u00a0\u00bb order_direction=\u00a0\u00bbASC\u00a0\u00bb returns=\u00a0\u00bbincluded\u00a0\u00bb maximum_entity_count=\u00a0\u00bb500&Prime;]<\/p>\n","protected":false},"author":1,"featured_media":0,"parent":0,"menu_order":0,"comment_status":"closed","ping_status":"closed","template":"","meta":[],"_links":{"self":[{"href":"https:\/\/www.labecassiere.ch\/index.php?rest_route=\/wp\/v2\/pages\/1930"}],"collection":[{"href":"https:\/\/www.labecassiere.ch\/index.php?rest_route=\/wp\/v2\/pages"}],"about":[{"href":"https:\/\/www.labecassiere.ch\/index.php?rest_route=\/wp\/v2\/types\/page"}],"author":[{"embeddable":true,"href":"https:\/\/www.labecassiere.ch\/index.php?rest_route=\/wp\/v2\/users\/1"}],"replies":[{"embeddable":true,"href":"https:\/\/www.labecassiere.ch\/index.php?rest_route=%2Fwp%2Fv2%2Fcomments&post=1930"}],"version-history":[{"count":4,"href":"https:\/\/www.labecassiere.ch\/index.php?rest_route=\/wp\/v2\/pages\/1930\/revisions"}],"predecessor-version":[{"id":3682,"href":"https:\/\/www.labecassiere.ch\/index.php?rest_route=\/wp\/v2\/pages\/1930\/revisions\/3682"}],"wp:attachment":[{"href":"https:\/\/www.labecassiere.ch\/index.php?rest_route=%2Fwp%2Fv2%2Fmedia&parent=1930"}],"curies":[{"name":"wp","href":"https:\/\/api.w.org\/{rel}","templated":true}]}}