{"id":167,"date":"2013-03-24T21:12:58","date_gmt":"2013-03-24T20:12:58","guid":{"rendered":"http:\/\/www.labecassiere.ch\/?page_id=167"},"modified":"2023-05-22T20:19:31","modified_gmt":"2023-05-22T19:19:31","slug":"photos-2","status":"publish","type":"page","link":"https:\/\/www.labecassiere.ch\/?page_id=167","title":{"rendered":"Photos"},"content":{"rendered":"<p style=\"text-align: center;\"><span style=\"color: #0000ff;\"><strong>Cliquez sur un des liens ci-dessous pour acc\u00e9der \u00e0 la galerie de photos que vous d\u00e9sirez consulter.<\/strong><\/span><\/p>\n<p style=\"text-align: center;\"><span style=\"color: #0000ff;\"><strong>Bonne visite.<\/strong><\/span><\/p>\n<p style=\"text-align: center;\"><span style=\"text-decoration: underline;\"><a href=\"http:\/\/www.labecassiere.ch\/?page_id=5403\"><strong><span style=\"color: #ff0000; text-decoration: underline;\">Photos de la f\u00eate des 30 ans<\/span><\/strong><\/a><\/span><\/p>\n<p style=\"text-align: center;\"><span style=\"text-decoration: underline;\"><a href=\"http:\/\/www.labecassiere.ch\/?page_id=4082\"><strong><span style=\"color: #ff0000; text-decoration: underline;\">Journ\u00e9e des travaux mars 2023<\/span><\/strong><\/a><\/span><\/p>\n<p style=\"text-align: center;\"><span style=\"text-decoration: underline;\"><span style=\"color: #ff0000;\"><strong><a style=\"color: #ff0000; text-decoration: underline;\" href=\"http:\/\/www.labecassiere.ch\/?p=2344\" target=\"_blank\" rel=\"noopener noreferrer\">Journ\u00e9e des travaux octobre 2016<\/a><\/strong><\/span><\/span><\/p>\n<p style=\"text-align: center;\"><span style=\"text-decoration: underline; color: #ff0000;\"><strong><a style=\"color: #ff0000; text-decoration: underline;\" href=\"http:\/\/www.labecassiere.ch\/?page_id=2144\" target=\"_blank\" rel=\"noopener noreferrer\">Journ\u00e9e des fleurs ao\u00fbt 2016<\/a><\/strong><\/span><\/p>\n<p style=\"text-align: center;\"><span style=\"text-decoration: underline; color: #ff0000;\"><strong><a style=\"color: #ff0000; text-decoration: underline;\" href=\"http:\/\/www.labecassiere.ch\/?page_id=2024\" target=\"_blank\" rel=\"noopener noreferrer\">Journ\u00e9es des travaux avril 2016<\/a><\/strong><\/span><\/p>\n<p style=\"text-align: center;\"><span style=\"text-decoration: underline;\"><span style=\"color: #ff0000; text-decoration: underline;\"><strong><a style=\"color: #ff0000; text-decoration: underline;\" href=\"http:\/\/www.labecassiere.ch\/?page_id=1930\" target=\"_blank\" rel=\"noopener noreferrer\">Assembl\u00e9e g\u00e9n\u00e9rale 15 mars 2016<\/a><\/strong><\/span><\/span><\/p>\n<p style=\"text-align: center;\"><strong><span style=\"color: #ff0000;\"><a style=\"color: #ff0000;\" title=\"Permalink to: Journ\u00e9e des fleurs ao\u00fbt 2015\" href=\"http:\/\/www.labecassiere.ch\/?page_id=1720\" rel=\"bookmark\">Journ\u00e9e des fleurs ao\u00fbt 2015<\/a><\/span><\/strong><\/p>\n<p style=\"text-align: center;\"><strong><span style=\"color: #ff0000;\"><a style=\"color: #ff0000;\" title=\"Permalink to: F\u00eate du bicentenaire \u00e0 Ecogia 29, 30 et 31 mai 2015\" href=\"http:\/\/www.labecassiere.ch\/?page_id=1592\" rel=\"bookmark\">F\u00eate du bicentenaire \u00e0 Ecogia 29, 30 et 31 mai 2015<\/a><\/span><\/strong><\/p>\n<p style=\"text-align: center;\"><span style=\"color: #ff0000;\"><a style=\"color: #ff0000;\" title=\"Charmey mars 2015 fabrication des tartes et pains pour le bicentenaire\" href=\"http:\/\/www.labecassiere.ch\/?p=1431\" target=\"_blank\" rel=\"noopener noreferrer\"><strong>Fabrication des tartes pains Charmey 03-2015<\/strong><\/a><\/span><\/p>\n<p style=\"text-align: center;\"><a href=\"http:\/\/www.labecassiere.ch\/?page_id=1096\" target=\"_blank\" rel=\"noopener noreferrer\"><strong><span style=\"text-decoration: underline;\"><span style=\"color: #ff0000; text-decoration: underline;\">Vin chaud 31 d\u00e9cembre 2014<\/span><\/span><\/strong><\/a><\/p>\n<p style=\"text-align: center;\"><a title=\"Journ\u00e9e des travaux du samedi 8 novembre 2014\" href=\"http:\/\/www.labecassiere.ch\/?page_id=962\" target=\"_blank\" rel=\"noopener noreferrer\"><strong><span style=\"text-decoration: underline;\"><span style=\"color: #ff0000; text-decoration: underline;\">Journ\u00e9e des travaux novembre 2014<\/span><\/span><\/strong><\/a><\/p>\n<p style=\"text-align: center;\"><span style=\"color: #ff0000;\"><a style=\"color: #ff0000;\" title=\"Journ\u00e9e des fleurs ao\u00fbt 2014\" href=\"http:\/\/www.labecassiere.ch\/?page_id=781\"><strong>Journ\u00e9e des fleurs ao\u00fbt 2014<\/strong><\/a><\/span><\/p>\n<p style=\"text-align: center;\"><span style=\"color: #ff0000;\"><a style=\"color: #ff0000;\" href=\"http:\/\/www.labecassiere.ch\/?page_id=504\" target=\"_blank\" rel=\"noopener noreferrer\"><strong><strong>Journ\u00e9<\/strong><strong>e des travaux mars 201<\/strong>4<\/strong><\/a><\/span><\/p>\n<p style=\"text-align: center;\"><span style=\"color: #ff0000;\"><a style=\"color: #ff0000;\" href=\"http:\/\/www.labecassiere.ch\/?page_id=269\" target=\"_blank\" rel=\"noopener noreferrer\"><strong>Journ\u00e9e des fleurs ao\u00fbt 2013<\/strong><\/a><\/span><\/p>\n<p style=\"text-align: center;\"><span style=\"color: #ff0000;\"><a style=\"color: #ff0000;\" title=\"Photos de la journ\u00e9e des fleurs 2013 en ligne\" href=\"http:\/\/www.labecassiere.ch\/?page_id=264\" target=\"_blank\" rel=\"noopener noreferrer\"><strong>20 ans mai 2013<\/strong><\/a><\/span><\/p>\n<p style=\"text-align: center;\"><span style=\"color: #ff0000;\"><a style=\"color: #ff0000;\" href=\"http:\/\/www.labecassiere.ch\/?page_id=265\" target=\"_blank\" rel=\"noopener noreferrer\"><strong>Journ\u00e9<\/strong><strong>e des travaux mars 2013<\/strong><\/a><\/span><\/p>\n<p style=\"text-align: center;\"><span style=\"color: #ff0000;\"><a style=\"color: #ff0000;\" href=\"http:\/\/www.labecassiere.ch\/?page_id=267\" target=\"_blank\" rel=\"noopener noreferrer\"><strong>Journ\u00e9<\/strong><strong>e des travaux novembre 2012<\/strong><\/a><\/span><\/p>\n<p style=\"text-align: center;\"><span style=\"color: #ff0000;\"><a style=\"color: #ff0000;\" href=\"http:\/\/www.labecassiere.ch\/?page_id=293\" target=\"_blank\" rel=\"noopener noreferrer\"><strong>Journ\u00e9e des fleurs ao\u00fbt 2012<\/strong><\/a><\/span><\/p>\n<p style=\"text-align: center;\"><span style=\"color: #ff0000;\"><a style=\"color: #ff0000;\" href=\"http:\/\/www.labecassiere.ch\/?page_id=392\" target=\"_blank\" rel=\"noopener noreferrer\"><strong>Journ\u00e9e des fleurs ao\u00fbt 2011<\/strong><\/a><\/span><\/p>\n","protected":false},"excerpt":{"rendered":"<p>Cliquez sur un des liens ci-dessous pour acc\u00e9der \u00e0 la galerie de photos que vous d\u00e9sirez consulter. Bonne visite. Photos de la f\u00eate des 30 ans Journ\u00e9e des travaux mars 2023 Journ\u00e9e des travaux octobre 2016 Journ\u00e9e des fleurs ao\u00fbt &hellip; <a href=\"https:\/\/www.labecassiere.ch\/?page_id=167\">Continuer la lecture <span class=\"meta-nav\">&rarr;<\/span><\/a><\/p>\n","protected":false},"author":1,"featured_media":0,"parent":0,"menu_order":0,"comment_status":"open","ping_status":"open","template":"","meta":[],"_links":{"self":[{"href":"https:\/\/www.labecassiere.ch\/index.php?rest_route=\/wp\/v2\/pages\/167"}],"collection":[{"href":"https:\/\/www.labecassiere.ch\/index.php?rest_route=\/wp\/v2\/pages"}],"about":[{"href":"https:\/\/www.labecassiere.ch\/index.php?rest_route=\/wp\/v2\/types\/page"}],"author":[{"embeddable":true,"href":"https:\/\/www.labecassiere.ch\/index.php?rest_route=\/wp\/v2\/users\/1"}],"replies":[{"embeddable":true,"href":"https:\/\/www.labecassiere.ch\/index.php?rest_route=%2Fwp%2Fv2%2Fcomments&post=167"}],"version-history":[{"count":100,"href":"https:\/\/www.labecassiere.ch\/index.php?rest_route=\/wp\/v2\/pages\/167\/revisions"}],"predecessor-version":[{"id":5418,"href":"https:\/\/www.labecassiere.ch\/index.php?rest_route=\/wp\/v2\/pages\/167\/revisions\/5418"}],"wp:attachment":[{"href":"https:\/\/www.labecassiere.ch\/index.php?rest_route=%2Fwp%2Fv2%2Fmedia&parent=167"}],"curies":[{"name":"wp","href":"https:\/\/api.w.org\/{rel}","templated":true}]}}