{"id":115,"date":"2013-03-06T21:27:57","date_gmt":"2013-03-06T20:27:57","guid":{"rendered":"http:\/\/www.labecassiere.ch\/?page_id=115"},"modified":"2013-03-06T22:02:28","modified_gmt":"2013-03-06T21:02:28","slug":"techargements","status":"publish","type":"page","link":"https:\/\/www.labecassiere.ch\/?page_id=115","title":{"rendered":"T\u00e9l\u00e9chargements"},"content":{"rendered":"<p><b>T<b>\u00c9l<b>\u00c9CHARGEMENTS UTILES SUR LE SITE\u00a0<\/b><\/b>\u00a0DE LA F<b>\u00c9D<b>\u00c9<\/b>RATION\u00a0<b>GENEVOISE<\/b><\/b>\u00a0DES JARDINS FAMILIAUX\u00a0<\/b><\/p>\n<p><a href=\"http:\/\/www.fgjf.ch\/index.php?option=com_content&amp;view=article&amp;id=49&amp;Itemid=61\" target=\"_blank\">www.fgjf.ch\/index.php?option=com_content&amp;view=article&amp;id=49&amp;Itemid=61<\/a><\/p>\n","protected":false},"excerpt":{"rendered":"<p>T\u00c9l\u00c9CHARGEMENTS UTILES SUR LE SITE\u00a0\u00a0DE LA F\u00c9D\u00c9RATION\u00a0GENEVOISE\u00a0DES JARDINS FAMILIAUX\u00a0 www.fgjf.ch\/index.php?option=com_content&amp;view=article&amp;id=49&amp;Itemid=61<\/p>\n","protected":false},"author":1,"featured_media":0,"parent":0,"menu_order":0,"comment_status":"open","ping_status":"open","template":"","meta":[],"_links":{"self":[{"href":"https:\/\/www.labecassiere.ch\/index.php?rest_route=\/wp\/v2\/pages\/115"}],"collection":[{"href":"https:\/\/www.labecassiere.ch\/index.php?rest_route=\/wp\/v2\/pages"}],"about":[{"href":"https:\/\/www.labecassiere.ch\/index.php?rest_route=\/wp\/v2\/types\/page"}],"author":[{"embeddable":true,"href":"https:\/\/www.labecassiere.ch\/index.php?rest_route=\/wp\/v2\/users\/1"}],"replies":[{"embeddable":true,"href":"https:\/\/www.labecassiere.ch\/index.php?rest_route=%2Fwp%2Fv2%2Fcomments&post=115"}],"version-history":[{"count":8,"href":"https:\/\/www.labecassiere.ch\/index.php?rest_route=\/wp\/v2\/pages\/115\/revisions"}],"predecessor-version":[{"id":139,"href":"https:\/\/www.labecassiere.ch\/index.php?rest_route=\/wp\/v2\/pages\/115\/revisions\/139"}],"wp:attachment":[{"href":"https:\/\/www.labecassiere.ch\/index.php?rest_route=%2Fwp%2Fv2%2Fmedia&parent=115"}],"curies":[{"name":"wp","href":"https:\/\/api.w.org\/{rel}","templated":true}]}}