{"id":105,"date":"2013-03-06T17:53:54","date_gmt":"2013-03-06T16:53:54","guid":{"rendered":"http:\/\/www.labecassiere.ch\/?page_id=105"},"modified":"2013-03-06T18:16:07","modified_gmt":"2013-03-06T17:16:07","slug":"historique-3","status":"publish","type":"page","link":"https:\/\/www.labecassiere.ch\/?page_id=105","title":{"rendered":"Historique"},"content":{"rendered":"<p align=\"justify\"><b>GROUPEMENT DES JARDINS FAMILIAUX DE LA B\u00c9CASSI\u00c8RE<\/b><\/p>\n<p align=\"justify\">Le groupement des jardins familiaux de Versoix se situe dans l\u2019enceinte du centre sportif de \u00ab La B\u00e9cassi\u00e8re \u00bb d\u2019ou sa d\u00e9nomination. Il a fallu pr\u00e8s de 15 ans pour passer de l\u2019id\u00e9e \u00e0 la r\u00e9alisation.<\/p>\n<p>En effet en 1975 d\u00e9j\u00e0, la Commune enregistrait quelques 40 demandes de jardins. Dans cet endroit idyllique, 5000 m2 de terrain ont \u00e9t\u00e9 attribu\u00e9s \u00e0 25 familles versoisiennes. Lors de la premi\u00e8re assembl\u00e9e g\u00e9n\u00e9rale en novembre 1992, les parcelles ont \u00e9t\u00e9 remises par tirage au sort. Un comit\u00e9 provisoire comprenant 2 membres du comit\u00e9 central de la F\u00e9d\u00e9ration genevoise des jardins familiaux ainsi que 3 membres du nouveau groupement a \u00e9t\u00e9 mis sur pied.<\/p>\n<p>C\u2019est en mars 1993 que les cl\u00e9s ont \u00e9t\u00e9 distribu\u00e9es. Les petits jardiniers n\u00e9ophytes ont aussit\u00f4t retrouss\u00e9 leurs manches et les premi\u00e8res difficult\u00e9s rencontr\u00e9es ont \u00e9t\u00e9 rapidement ma\u00eetris\u00e9es gr\u00e2ce \u00e0 l\u2019exp\u00e9rience et aux comp\u00e9tences des repr\u00e9sentants de notre F\u00e9d\u00e9ration. Devant l\u2019effort \u00e0 consentir pour concevoir les premiers am\u00e9nagements, certains se sont retir\u00e9s laissant leur place \u00e0 d\u2019autres courageux. Pendant cette premi\u00e8re saison, 14 chalets ont \u00e9t\u00e9 construits. Aujourd\u2019hui, nous en comptons 17. Devant cette lourde t\u00e2che, il n\u2019y avait pas ou peu de place \u00e0 l\u2019agr\u00e9ment, si bien que les premiers produits cultiv\u00e9s furent grandement appr\u00e9ci\u00e9s. N\u00e9anmoins, petit \u00e0 petit, quel plaisir de s\u2019installer sur le coin gazon pour y d\u00e9guster le fruit de notre travail.<\/p>\n<p>Afin de maintenir le groupement propre et accueillant, des travaux en commun, n\u00e9cessitant la participation de tous, sont organis\u00e9s. Un repas annuel vient compl\u00e9ter les relations amicales entre nos jardiniers. L\u2019efficacit\u00e9 et la disponibilit\u00e9 des membres du comit\u00e9 du groupement ont d\u00e9montr\u00e9 que les jardins familiaux de la \u00ab B\u00e9cassi\u00e8re \u00bb pouvaient \u00eatre g\u00e9r\u00e9s d\u2019une mani\u00e8re autonome. De ce fait, nos deux \u00ab parrains \u00bb se sont retir\u00e9s passant ainsi le flambeau.<\/p>\n<p align=\"justify\">En f\u00e9vrier 1994, une pr\u00e9sidente a \u00e9t\u00e9 \u00e9lue. Il faut relever \u00e9galement la formidable participation de 4 familles pour nous repr\u00e9senter \u00e0 l\u2019occasion du tricentenaire de Voltaire. Des costumes d\u2019\u00e9poque ont \u00e9t\u00e9 confectionn\u00e9s afin de v\u00eatir parents et enfants. Le groupement des jardins familiaux de \u00ab La B\u00e9cassi\u00e8re \u00bb \u00e0 Versoix se porte \u00e0 merveille. Son comit\u00e9 ainsi que ses membres font preuve de dynamisme, d\u2019efficacit\u00e9 et de disponibilit\u00e9. Notre message, le jardin familial c\u2019est notre bien-\u00eatre, continuons \u00e0 le soigner et le d\u00e9fendre.<\/p>\n","protected":false},"excerpt":{"rendered":"<p>GROUPEMENT DES JARDINS FAMILIAUX DE LA B\u00c9CASSI\u00c8RE Le groupement des jardins familiaux de Versoix se situe dans l\u2019enceinte du centre sportif de \u00ab La B\u00e9cassi\u00e8re \u00bb d\u2019ou sa d\u00e9nomination. Il a fallu pr\u00e8s de 15 ans pour passer de l\u2019id\u00e9e &hellip; <a href=\"https:\/\/www.labecassiere.ch\/?page_id=105\">Continuer la lecture <span class=\"meta-nav\">&rarr;<\/span><\/a><\/p>\n","protected":false},"author":1,"featured_media":0,"parent":0,"menu_order":0,"comment_status":"open","ping_status":"open","template":"","meta":[],"_links":{"self":[{"href":"https:\/\/www.labecassiere.ch\/index.php?rest_route=\/wp\/v2\/pages\/105"}],"collection":[{"href":"https:\/\/www.labecassiere.ch\/index.php?rest_route=\/wp\/v2\/pages"}],"about":[{"href":"https:\/\/www.labecassiere.ch\/index.php?rest_route=\/wp\/v2\/types\/page"}],"author":[{"embeddable":true,"href":"https:\/\/www.labecassiere.ch\/index.php?rest_route=\/wp\/v2\/users\/1"}],"replies":[{"embeddable":true,"href":"https:\/\/www.labecassiere.ch\/index.php?rest_route=%2Fwp%2Fv2%2Fcomments&post=105"}],"version-history":[{"count":4,"href":"https:\/\/www.labecassiere.ch\/index.php?rest_route=\/wp\/v2\/pages\/105\/revisions"}],"predecessor-version":[{"id":108,"href":"https:\/\/www.labecassiere.ch\/index.php?rest_route=\/wp\/v2\/pages\/105\/revisions\/108"}],"wp:attachment":[{"href":"https:\/\/www.labecassiere.ch\/index.php?rest_route=%2Fwp%2Fv2%2Fmedia&parent=105"}],"curies":[{"name":"wp","href":"https:\/\/api.w.org\/{rel}","templated":true}]}}