{"id":44,"date":"2013-02-25T21:18:58","date_gmt":"2013-02-25T20:18:58","guid":{"rendered":"http:\/\/www.labecassiere.ch\/?page_id=44"},"modified":"2018-04-04T09:03:34","modified_gmt":"2018-04-04T08:03:34","slug":"liens","status":"publish","type":"page","link":"http:\/\/www.labecassiere.ch\/?page_id=44","title":{"rendered":"Liens"},"content":{"rendered":"<p style=\"text-align: center;\"><b><span style=\"text-decoration: underline;\">Versoix<\/span><\/b><\/p>\n<p style=\"text-align: center;\"><a href=\"http:\/\/www.versoix.ch\" target=\"_blank\" rel=\"noopener\">www.versoix.ch<\/a><\/p>\n<p style=\"text-align: center;\"><span style=\"text-decoration: underline;\"><strong>F\u00e9d\u00e9ration genevoise des jardins familiaux<\/strong><\/span><\/p>\n<p style=\"text-align: center;\"><a title=\"http:\/\/www.fgjf.ch\" href=\"http:\/\/www.fgjf.ch\" target=\"_blank\" rel=\"noopener\">www.fgjf.ch<\/a><\/p>\n<p style=\"text-align: center;\"><strong><span style=\"text-decoration: underline;\">F\u00e9d\u00e9ration suisse des jardins familiaux<\/span><\/strong><\/p>\n<p style=\"text-align: center;\"><a href=\"http:\/\/www.familiengaertner.ch\/fr\" target=\"_blank\" rel=\"noopener\">http:\/\/www.familiengaertner.ch\/fr<\/a><\/p>\n<p style=\"text-align: center;\"><a href=\"http:\/\/www.familiengaertner.ch\/fr\/regions\/gen%C3%A8ve\" target=\"_blank\" rel=\"noopener\">http:\/\/www.familiengaertner.ch\/fr\/regions\/gen%C3%A8ve<\/a><\/p>\n<p style=\"text-align: center;\">\n<p>&nbsp;<\/p>\n<p>&nbsp;<\/p>\n","protected":false},"excerpt":{"rendered":"<p>Versoix www.versoix.ch F\u00e9d\u00e9ration genevoise des jardins familiaux www.fgjf.ch F\u00e9d\u00e9ration suisse des jardins familiaux http:\/\/www.familiengaertner.ch\/fr http:\/\/www.familiengaertner.ch\/fr\/regions\/gen%C3%A8ve &nbsp; &nbsp;<\/p>\n","protected":false},"author":1,"featured_media":0,"parent":0,"menu_order":0,"comment_status":"open","ping_status":"open","template":"","meta":[],"_links":{"self":[{"href":"http:\/\/www.labecassiere.ch\/index.php?rest_route=\/wp\/v2\/pages\/44"}],"collection":[{"href":"http:\/\/www.labecassiere.ch\/index.php?rest_route=\/wp\/v2\/pages"}],"about":[{"href":"http:\/\/www.labecassiere.ch\/index.php?rest_route=\/wp\/v2\/types\/page"}],"author":[{"embeddable":true,"href":"http:\/\/www.labecassiere.ch\/index.php?rest_route=\/wp\/v2\/users\/1"}],"replies":[{"embeddable":true,"href":"http:\/\/www.labecassiere.ch\/index.php?rest_route=%2Fwp%2Fv2%2Fcomments&post=44"}],"version-history":[{"count":21,"href":"http:\/\/www.labecassiere.ch\/index.php?rest_route=\/wp\/v2\/pages\/44\/revisions"}],"predecessor-version":[{"id":3082,"href":"http:\/\/www.labecassiere.ch\/index.php?rest_route=\/wp\/v2\/pages\/44\/revisions\/3082"}],"wp:attachment":[{"href":"http:\/\/www.labecassiere.ch\/index.php?rest_route=%2Fwp%2Fv2%2Fmedia&parent=44"}],"curies":[{"name":"wp","href":"https:\/\/api.w.org\/{rel}","templated":true}]}}